{"id":251478,"date":"2025-04-09T17:12:10","date_gmt":"2025-04-09T15:12:10","guid":{"rendered":"https:\/\/fon.empow-her.com\/?page_id=251478"},"modified":"2025-04-25T16:11:57","modified_gmt":"2025-04-25T14:11:57","slug":"clase-virtual","status":"publish","type":"page","link":"https:\/\/fon.empow-her.com\/en\/clase-virtual\/","title":{"rendered":"clase virtual #1"},"content":{"rendered":"<!-- Kadence-style layout: clase virtual --> \n\n<div style=\"max-width: 1100px; margin: auto; font-family: sans-serif; padding: 1em;\"> <h1>\u00a1Inscr\u00edbete en la primera clase virtual de FON!<\/h1> <!-- Main Image --> <div style=\"margin-bottom: 2em;\"> <img decoding=\"async\" src=\"https:\/\/fon.empow-her.com\/wp-content\/uploads\/2025\/04\/Screenshot-2025-04-09-at-17.07.00.png\" alt=\"Virtual class illustration\" style=\"width: 100%; border-radius: 12px;\"> <\/div> <!-- Two fixed columns: content + info --> <div style=\"display: flex; flex-wrap: wrap; gap: 2em;\">\n\n<!-- LEFT COLUMN -->\n<div style=\"flex: 1 1 65%; min-width: 300px;\">\n\n  <!-- Intro Text -->\n  <p style=\"margin: 0 0 1em; text-align: justify;\">\nNos complace invitarle a participar en una o varias de nuestras clases virtuales. Estos talleres pr\u00e1cticos le permitir\u00e1n consolidar la teor\u00eda tratada en los m\u00f3dulos de aprendizaje electr\u00f3nico y ponerla en pr\u00e1ctica a trav\u00e9s de sesiones interactivas de formaci\u00f3n en l\u00ednea de 2 horas en Zoom.\n  <\/p>\n\n  <!-- Participation requirements -->\n  <p style=\"margin-bottom: 1em;\"><strong>Para participar en la clase virtual, debe cumplir las siguientes condiciones:<\/strong><\/p>\n\n  <ul style=\"padding-left: 1.2em; line-height: 1.6; font-size: 1em; text-align: justify;\">\n    <li><strong>Ser una organizaci\u00f3n de la sociedad civil (OSC) feminista<\/strong> implicada en la lucha contra la violencia de g\u00e9nero y con sede en uno de los siguientes pa\u00edses FON: Kenia, Etiop\u00eda, Colombia, M\u00e9xico, Burkina Faso, N\u00edger, Costa de Marfil, Guinea, Sri Lanka o Bangladesh.<\/span><\/li>\n    <li><strong>Haber completado los M\u00f3dulos 6, 7 y 8<\/strong> enumerados a continuaci\u00f3n<\/li>\n    <li><strong>Haber enviado los entregables de los M\u00f3dulos 6 y 8<\/strong> que se hayan completado parcial o totalmente (el marco l\u00f3gico, el SBMC y el an\u00e1lisis DAFO) al formador, <strong>a m\u00e1s tardar el 24 de mayo, a la siguiente direcci\u00f3n:<\/strong>, at the following address: <a href=\"mailto:adresse@example.com\" style=\"color: #0073aa; font-weight: bold;\">chloejacquin@fiinafas.com<\/a><\/li>\n  <\/ul>\n\n  <p> \ud83d\udc49 Al final de la sesi\u00f3n, recibir\u00e1n un marco l\u00f3gico y un SBMC revisados y trabajados en grupo, as\u00ed como comentarios generales sobre su DAFO. \n  <\/p>\n\n  <!-- Modules listed in a column -->\n  <h2 style=\"margin: 1em 0 0.5em;\">\ud83d\udcda M\u00f3dulos en l\u00ednea que deben completarse antes de la sesi\u00f3n : <\/h2>\n  <div style=\"display: flex; flex-direction: column; gap: 1em;\">\n    <div style=\"border: 1px solid #eee; border-radius: 8px; padding: 1em; display: flex; gap: 1em; align-items: flex-start;\">\n      <!-- Left image -->\n      <img decoding=\"async\" src=\"https:\/\/fon.empow-her.com\/wp-content\/uploads\/2025\/04\/dossiers.png\" alt=\"Course 6\" style=\"width: 120px; border-radius: 6px; flex-shrink: 0;\">\n      <!-- Right text -->\n      <div style=\"flex: 1;\">\n        <h3 style=\"margin: 0 0 0.5em;\">M\u00f3dulo 6 \u2013 Mejorar la iniciaci\u00f3n y la financiaci\u00f3n de tus proyectos<\/h3>\n        <a href=\"https:\/\/fon.empow-her.com\/en\/courses\/modulo-6-mejora-la-puesta-en-marcha-y-la-financiacion-de-tus-proyectos\/\" style=\"color: #d341c2; text-decoration: none; font-weight: bold;\">\u27a1\ufe0f Accede al m\u00f3dulo<\/a>\n      <\/div>\n    <\/div>\n\n    <div style=\"border: 1px solid #eee; border-radius: 8px; padding: 1em; display: flex; gap: 1em; align-items: flex-start;\">\n      <!-- Left image -->\n      <img decoding=\"async\" src=\"https:\/\/fon.empow-her.com\/wp-content\/uploads\/2025\/04\/idee.png\" alt=\"Course 7\" style=\"width: 120px; border-radius: 6px; flex-shrink: 0;\">\n      <!-- Right text -->\n      <div style=\"flex: 1;\">\n        <h3 style=\"margin: 0 0 0.5em;\">M\u00f3dulo 7 \u2013 Adoptar un enfoque empresarial<\/h3>\n        <a href=\"https:\/\/fon.empow-her.com\/en\/courses\/modulo-7-adoptar-un-enfoque-empresarial\/\" style=\"color: #d341c2; text-decoration: none; font-weight: bold;\">\u27a1\ufe0f Accede al m\u00f3dulo<\/a>\n      <\/div>\n    <\/div>\n\n    <div style=\"border: 1px solid #eee; border-radius: 8px; padding: 1em; display: flex; gap: 1em; align-items: flex-start;\">\n      <!-- Left image -->\n      <img decoding=\"async\" src=\"https:\/\/fon.empow-her.com\/wp-content\/uploads\/2025\/04\/de-largent.png\" alt=\"Course 8\" style=\"width: 120px; border-radius: 6px; flex-shrink: 0;\">\n      <!-- Right text -->\n      <div style=\"flex: 1;\">\n        <h3 style=\"margin: 0 0 0.5em;\">M\u00f3dulo 8 \u2013 Diversificar tu modelo<\/h3>\n        <a href=\"https:\/\/fon.empow-her.com\/en\/courses\/modulo-8-diversifica-tu-modelo\/\" style=\"color: #d341c2; text-decoration: none; font-weight: bold;\">\u27a1\ufe0f Accede al m\u00f3dulo<\/a>\n      <\/div>\n    <\/div>\n  <\/div>\n<\/div>\n\n<!-- RIGHT COLUMN (smaller) -->\n<div style=\"flex: 1 1 30%; min-width: 260px; display: flex; flex-direction: column; gap: 1.5em;\">\n\n  <!-- Zoom registration button -->\n  <div style=\"text-align: center;\">\n    <a href=\"https:\/\/events.zoom.us\/ev\/AoO1tIf56LwL0y3frbPBSi2i8x-M5f-3exFl6Om8vfHGx6K0g6_9~AnzAc3j1G7GkQ-d04Clh_ux9NBTVjRsYvmJQiHbPu6oJL2KmIlDox2UYJA\" target=\"_blank\" style=\"      display: inline-block;      padding: 12px 24px;      background: #0073aa;      color: white;      border-radius: 6px;      text-decoration: none;      transition: background 0.3s ease;\"\n    onmouseover=\"this.style.background='#5cc641'\" onmouseout=\"this.style.background='#0073aa'\">\n      \u27a1\ufe0f Inscr\u00edbase en la clase virtual\n    <\/a>\n  <\/div>\n\n  <!-- Zoom info -->\n  <div style=\"border-left: 4px solid #0073aa; padding-left: 1em;\">\n    <p style=\"margin: 0.3em 0;\"><strong>\ud83d\uddd3\ufe0f Fecha:<\/strong> 26 de mayo de 2025<\/p>\n    <p style=\"margin: 0.3em 0;\"><strong>\u23f0 Hora:<\/strong> 16\u201318 PM (GMT)<\/p>\n    <p style=\"margin: 0.3em 0;\"><strong>\ud83d\udccd Lugar:<\/strong> On l\u00ednea por Zoom<\/p>\n  <\/div>\n\n  <!-- Practical info -->\n  <div style=\"background: #fff8cc; padding: 1em; border-radius: 8px;\">\n    <h3 style=\"margin-top: 0;\">\u2139\ufe0f  Informaci\u00f3n pr\u00e1ctica<\/h3>\n    <p style=\"margin: 0.4em 0;\">\ud83d\udc65 Plazas limitadas. Aseg\u00farese de inscribirse pronto.<\/p>\n    <p style=\"margin: 0.4em 0;\">\ud83d\udcac Idioma: Espa\u00f1ol<\/p>\n    <p style=\"margin: 0.4em 0;\">\ud83c\udfa7 Aseg\u00farate de tener a mano auriculares, micr\u00f3fono y c\u00e1mara.<\/p>\n  <\/div>\n\n<\/div>\n<\/div> <\/div>","protected":false},"excerpt":{"rendered":"<p>\u00a1Inscr\u00edbete en la primera clase virtual de FON! Nos complace invitarle a participar en una o varias de nuestras clases virtuales. Estos talleres pr\u00e1cticos le permitir\u00e1n consolidar la teor\u00eda tratada&#8230;<\/p>","protected":false},"author":2,"featured_media":0,"parent":0,"menu_order":0,"comment_status":"closed","ping_status":"closed","template":"","meta":{"_acf_changed":false,"_kad_blocks_custom_css":"","_kad_blocks_head_custom_js":"","_kad_blocks_body_custom_js":"","_kad_blocks_footer_custom_js":"","_EventAllDay":false,"_EventTimezone":"","_EventStartDate":"","_EventEndDate":"","_EventStartDateUTC":"","_EventEndDateUTC":"","_EventShowMap":false,"_EventShowMapLink":false,"_EventURL":"","_EventCost":"","_EventCostDescription":"","_EventCurrencySymbol":"","_EventCurrencyCode":"","_EventCurrencyPosition":"","_EventDateTimeSeparator":"","_EventTimeRangeSeparator":"","_EventOrganizerID":[],"_EventVenueID":[],"_OrganizerEmail":"","_OrganizerPhone":"","_OrganizerWebsite":"","_VenueAddress":"","_VenueCity":"","_VenueCountry":"","_VenueProvince":"","_VenueState":"","_VenueZip":"","_VenuePhone":"","_VenueURL":"","_VenueStateProvince":"","_VenueLat":"","_VenueLng":"","_VenueShowMap":false,"_VenueShowMapLink":false,"_kadence_starter_templates_imported_post":false,"_kad_post_transparent":"","_kad_post_title":"hide","_kad_post_layout":"","_kad_post_sidebar_id":"","_kad_post_content_style":"","_kad_post_vertical_padding":"","_kad_post_feature":"","_kad_post_feature_position":"","_kad_post_header":false,"_kad_post_footer":false,"_kad_post_classname":"","footnotes":""},"class_list":["post-251478","page","type-page","status-publish","hentry"],"acf":[],"taxonomy_info":[],"featured_image_src_large":false,"author_info":{"display_name":"Aida","author_link":"https:\/\/fon.empow-her.com\/en\/author\/aida\/"},"comment_info":0,"_links":{"self":[{"href":"https:\/\/fon.empow-her.com\/en\/wp-json\/wp\/v2\/pages\/251478","targetHints":{"allow":["GET"]}}],"collection":[{"href":"https:\/\/fon.empow-her.com\/en\/wp-json\/wp\/v2\/pages"}],"about":[{"href":"https:\/\/fon.empow-her.com\/en\/wp-json\/wp\/v2\/types\/page"}],"author":[{"embeddable":true,"href":"https:\/\/fon.empow-her.com\/en\/wp-json\/wp\/v2\/users\/2"}],"replies":[{"embeddable":true,"href":"https:\/\/fon.empow-her.com\/en\/wp-json\/wp\/v2\/comments?post=251478"}],"version-history":[{"count":18,"href":"https:\/\/fon.empow-her.com\/en\/wp-json\/wp\/v2\/pages\/251478\/revisions"}],"predecessor-version":[{"id":251523,"href":"https:\/\/fon.empow-her.com\/en\/wp-json\/wp\/v2\/pages\/251478\/revisions\/251523"}],"wp:attachment":[{"href":"https:\/\/fon.empow-her.com\/en\/wp-json\/wp\/v2\/media?parent=251478"}],"curies":[{"name":"wp","href":"https:\/\/api.w.org\/{rel}","templated":true}]}}